{"id":4422,"date":"2024-10-20T09:55:08","date_gmt":"2024-10-20T09:55:08","guid":{"rendered":"https:\/\/mbniewiadom.pl\/?page_id=4422"},"modified":"2025-08-02T14:10:10","modified_gmt":"2025-08-02T14:10:10","slug":"ochrona-dzieci-i-mlodziezy","status":"publish","type":"page","link":"https:\/\/mbniewiadom.pl\/?page_id=4422","title":{"rendered":"Ochrona Dzieci i M\u0142odzie\u017cy"},"content":{"rendered":"\n<p class=\"has-medium-font-size\"><strong>Delegat ds. ochrony dzieci i m\u0142odzie\u017cy:<\/strong><\/p>\n\n\n\n<p>ks. Pawe\u0142 Olszewski<\/p>\n\n\n\n<p>skr. pocztowa 206<\/p>\n\n\n\n<p>40-950 Katowice<\/p>\n\n\n\n<p>tel. +48 519 318 959<\/p>\n\n\n\n<p>e-mail: <a href=\"mailto:delegat.dm@archidiecezjakatowicka.pl\">delegat.dm@katowicka.pl<\/a><\/p>\n","protected":false},"excerpt":{"rendered":"<p>Delegat ds. ochrony dzieci i m\u0142odzie\u017cy: ks. Pawe\u0142 Olszewski skr. pocztowa 206 40-950 Katowice tel. +48 519 318 959 e-mail: delegat.dm@katowicka.pl<\/p>\n","protected":false},"author":3,"featured_media":0,"parent":0,"menu_order":0,"comment_status":"closed","ping_status":"closed","template":"","meta":{"footnotes":""},"_links":{"self":[{"href":"https:\/\/mbniewiadom.pl\/index.php?rest_route=\/wp\/v2\/pages\/4422"}],"collection":[{"href":"https:\/\/mbniewiadom.pl\/index.php?rest_route=\/wp\/v2\/pages"}],"about":[{"href":"https:\/\/mbniewiadom.pl\/index.php?rest_route=\/wp\/v2\/types\/page"}],"author":[{"embeddable":true,"href":"https:\/\/mbniewiadom.pl\/index.php?rest_route=\/wp\/v2\/users\/3"}],"replies":[{"embeddable":true,"href":"https:\/\/mbniewiadom.pl\/index.php?rest_route=%2Fwp%2Fv2%2Fcomments&post=4422"}],"version-history":[{"count":2,"href":"https:\/\/mbniewiadom.pl\/index.php?rest_route=\/wp\/v2\/pages\/4422\/revisions"}],"predecessor-version":[{"id":4725,"href":"https:\/\/mbniewiadom.pl\/index.php?rest_route=\/wp\/v2\/pages\/4422\/revisions\/4725"}],"wp:attachment":[{"href":"https:\/\/mbniewiadom.pl\/index.php?rest_route=%2Fwp%2Fv2%2Fmedia&parent=4422"}],"curies":[{"name":"wp","href":"https:\/\/api.w.org\/{rel}","templated":true}]}}