{"id":4404,"date":"2024-10-19T12:53:33","date_gmt":"2024-10-19T12:53:33","guid":{"rendered":"https:\/\/mbniewiadom.pl\/?page_id=4404"},"modified":"2024-10-19T13:12:31","modified_gmt":"2024-10-19T13:12:31","slug":"standardy-ochrony-dzieci-2","status":"publish","type":"page","link":"https:\/\/mbniewiadom.pl\/?page_id=4404","title":{"rendered":"Standardy Ochrony Dzieci"},"content":{"rendered":"\n<p class=\"has-text-align-center has-medium-font-size\"><strong>STANDARDY OCHRONY DZIECI W&nbsp;PARAFII<\/strong><\/p>\n\n\n\n<p class=\"has-text-align-center\"><strong>WERSJA SKR\u00d3CONA<\/strong><\/p>\n\n\n\n<p class=\"has-medium-font-size\"><strong>1.&nbsp;Najwa\u017cniejsze elementy standard\u00f3w ochrony dzieci.<\/strong><\/p>\n\n\n\n<ul>\n<li>Standardy ochrony dzieci to zasady, kt\u00f3re maj\u0105 przyczynia\u0107 si\u0119 do tworzenia bezpiecznego \u015brodowiska w&nbsp;taki spos\u00f3b, by ka\u017cde dziecko mog\u0142o si\u0119 czu\u0107 w&nbsp;parafii dobrze, by\u0142o w&nbsp;niej akceptowane i&nbsp;szanowane. Standardy okre\u015blaj\u0105 r\u00f3wnie\u017c spos\u00f3b reagowania na krzywd\u0119 lub niestosowne zachowanie w&nbsp;parafii lub poza ni\u0105, a&nbsp;tak\u017ce wyznaczaj\u0105 spos\u00f3b post\u0119powania z&nbsp;osob\u0105 krzywdzon\u0105 i&nbsp;sprawc\u0105.&nbsp;<\/li>\n\n\n\n<li>Ka\u017cdy osoba w&nbsp;naszej parafii jest odpowiedzialna za tworzenie bezpiecznego \u015brodowiska: ksi\u0119\u017ca, siostry zakonne, pracownicy, animatorzy, rodzice, dzieci i&nbsp;m\u0142odzie\u017c. Wszyscy razem staraj\u0105 si\u0119 wsp\u00f3\u0142pracowa\u0107 w&nbsp;trosce o&nbsp;dobro wsp\u00f3lne.<\/li>\n\n\n\n<li>W parafii wyznaczona jest osoba, kt\u00f3ra ma szczeg\u00f3ln\u0105 odpowiedzialno\u015b\u0107 w&nbsp;zakresie ochrony dzieci i&nbsp;m\u0142odzie\u017cy przed krzywdzeniem:&nbsp;osoba zaufania \u2013 <strong>Aleksandra Chromik,&nbsp; <\/strong>kontakt: <strong>+48&nbsp;605&nbsp;608 744<\/strong>.<\/li>\n\n\n\n<li>Wszystkie dzia\u0142ania powinny by\u0107 podejmowane w&nbsp;trosce o&nbsp;dzieci i&nbsp;m\u0142odzie\u017c, zapewnia\u0107 im poczucie bezpiecze\u0144stwa oraz wspomaga\u0107 ich rozw\u00f3j.<\/li>\n\n\n\n<li>W parafii organizowane s\u0105 r\u00f3\u017cne inicjatywy edukacyjne skierowane do pracownik\u00f3w, animator\u00f3w, rodzic\u00f3w, dzieci i&nbsp;m\u0142odzie\u017cy. Szkolenia i&nbsp;warsztaty dotycz\u0105 sposob\u00f3w tworzenia bezpiecznego \u015brodowiska, ochrony przed krzywdzeniem i&nbsp;przeciwdzia\u0142ania r\u00f3\u017cnym formom przemocy.<\/li>\n\n\n\n<li>Niedopuszczalne jest stosowanie jakiejkolwiek formy przemocy (fizycznej, psychicznej czy seksualnej) przez pracownik\u00f3w parafii lub dzieci.<\/li>\n\n\n\n<li>Ka\u017cdy sygna\u0142 \u015bwiadcz\u0105cy o&nbsp;tym, \u017ce dziecko mo\u017ce do\u015bwiadcza\u0107 przemocy ze strony osoby doros\u0142ej lub innego dziecka w&nbsp;parafii lub poza ni\u0105, jest zawsze bardzo powa\u017cnie traktowany przez pracownik\u00f3w parafii. Ka\u017cda sytuacja jest odpowiednio badana, a&nbsp;podejmowane dzia\u0142ania maj\u0105 na celu jak najszybsze przerwanie krzywdzenia i&nbsp;udzielenie wsparcia osobie, kt\u00f3ra go do\u015bwiadcza. Pracownicy parafii podejmuj\u0105 dzia\u0142ania wed\u0142ug zasad okre\u015blonych w&nbsp;pe\u0142nej wersji standard\u00f3w ochrony dzieci.&nbsp;<\/li>\n\n\n\n<li>Kiedy dzieje si\u0119 co\u015b niepokoj\u0105cego, szczeg\u00f3lnie wtedy, gdy dzieci i&nbsp;m\u0142odzie\u017c s\u0105 krzywdzeni przez innych lub s\u0105 \u015bwiadkami krzywdy innej osoby, niezw\u0142ocznie powinni o&nbsp;sytuacji poinformowa\u0107 pracownik\u00f3w parafii\/animator\u00f3w\/osob\u0119 zaufania.<\/li>\n\n\n\n<li>Szczeg\u00f3lnie wa\u017cn\u0105 cz\u0119\u015bci\u0105 standard\u00f3w s\u0105 zasady bezpiecznych relacji mi\u0119dzy doros\u0142ymi a&nbsp;dzie\u0107mi oraz mi\u0119dzy dzie\u0107mi. Maj\u0105 one s\u0142u\u017cy\u0107 tworzeniu bezpiecznego i&nbsp;przyjaznego \u015brodowiska w&nbsp;parafii. Pracownicy\/animatorzy b\u0119d\u0105 zawsze reagowa\u0107 na przekraczanie i&nbsp;nierespektowanie przyj\u0119tych zasad.<\/li>\n\n\n\n<li>Podstawow\u0105 zasad\u0105 jest r\u00f3wne traktowanie wszystkich dzieci. Godno\u015b\u0107 ka\u017cdej osoby jest w&nbsp;naszej parafii szanowana. Jednocze\u015bnie uwzgl\u0119dnia si\u0119 wyj\u0105tkowo\u015b\u0107 i&nbsp;indywidualno\u015b\u0107 ka\u017cdej osoby, co wymaga dostosowania metod i&nbsp;podej\u015bcia uwzgl\u0119dniaj\u0105cego jego potrzeby i&nbsp;sytuacj\u0119 \u017cyciow\u0105.<\/li>\n\n\n\n<li>Pracownicy parafii\/animatorzy powinni reagowa\u0107 na niew\u0142a\u015bciwe zachowania dziecka wobec samego siebie, r\u00f3wie\u015bnik\u00f3w lub doros\u0142ych, upominaj\u0105c go i&nbsp;stosuj\u0105c przyj\u0119te w&nbsp;parafii \u015brodki dyscyplinuj\u0105ce. Jest to przejaw troski os\u00f3b doros\u0142ych o&nbsp;bezpiecze\u0144stwo i&nbsp;prawid\u0142owy rozw\u00f3j dzieci.&nbsp;<\/li>\n\n\n\n<li>Troska o&nbsp;bezpiecze\u0144stwo i&nbsp;dobre relacje dotyczy r\u00f3wnie\u017c Internetu i&nbsp;komunikacji drog\u0105 elektroniczn\u0105. Parafia dba o&nbsp;to, by dost\u0119p do Internetu by\u0142 bezpieczny, wprowadza rozwi\u0105zania ograniczaj\u0105ce mo\u017cliwo\u015b\u0107 dost\u0119pu do tre\u015bci szkodliwych. Ponadto pracownicy parafii reaguj\u0105 na niebezpieczne, szkodliwe i&nbsp;krzywdz\u0105ce sytuacje dziej\u0105ce si\u0119 w&nbsp;przestrzeni internetowej. Dziecko zawsze mo\u017ce poprosi\u0107 o&nbsp;pomoc, gdy on sam lub kto\u015b inny do\u015bwiadcza krzywdzenia w&nbsp;sieci.&nbsp;<\/li>\n\n\n\n<li>Pracownicy parafii dbaj\u0105 o&nbsp;ochron\u0119 wizerunku dzieci i&nbsp;m\u0142odzie\u017cy. Rodzice decyduj\u0105, czy wyra\u017caj\u0105 zgod\u0119 na publikacj\u0119 zdj\u0119\u0107 i&nbsp;film\u00f3w prezentuj\u0105cych wizerunek ich dzieci. Podczas r\u00f3\u017cnych wydarze\u0144 zwi\u0105zanych z&nbsp;\u017cyciem parafii s\u0105 robione zdj\u0119cia i&nbsp;nagrywane filmy, kt\u00f3re mog\u0105 p\u00f3\u017aniej by\u0107 wykorzystane w&nbsp;mediach spo\u0142eczno\u015bciowych. Mog\u0105 by\u0107 na nich obecni tylko ci, kt\u00f3rych rodzice wyrazili na to zgod\u0119. Ka\u017cde dziecko w&nbsp;momencie wykonywania zdj\u0119\u0107 lub nagra\u0144 ma prawo powiedzie\u0107, \u017ce nie chce, by jego wizerunek w&nbsp;materia\u0142ach z&nbsp;tego konkretnego wydarzenia by\u0142 publikowany. Pracownicy szanuj\u0105 decyzj\u0119 dziecka. Powy\u017csza zasada nie dotyczy sytuacji, kiedy wizerunek osoby stanowi jedynie szczeg\u00f3\u0142 ca\u0142o\u015bci, takiej jak zgromadzenie, krajobraz lub impreza publiczna.<\/li>\n\n\n\n<li>Dzieci i&nbsp;m\u0142odzie\u017c powinny szanowa\u0107 prawo do prywatno\u015bci r\u00f3wie\u015bnik\u00f3w oraz doros\u0142ych, dlatego nie mog\u0105 publikowa\u0107 w&nbsp;przestrzeni internetowej i&nbsp;w swoich mediach spo\u0142eczno\u015bciowych wizerunku innych os\u00f3b bez jej wiedzy i&nbsp;zgody.<\/li>\n<\/ul>\n\n\n\n<p class=\"has-medium-font-size\"><strong>2. Zasady bezpiecznych relacji pracownik\u00f3w parafii z&nbsp;dzie\u0107mi.&nbsp;<\/strong><\/p>\n\n\n\n<p>W standardach ochrony dzieci znajduje si\u0119 szczeg\u00f3\u0142owy kodeks zachowa\u0144, kt\u00f3ry powinien by\u0107 respektowany przez wszystkich pracownik\u00f3w parafii. Poni\u017cej zamieszczamy streszczenie najwa\u017cniejszych zasad obowi\u0105zuj\u0105cych osoby doros\u0142e pracuj\u0105ce w&nbsp;parafii:&nbsp;<\/p>\n\n\n\n<ul>\n<li>Pracownicy parafii podejmuj\u0105 dzia\u0142ania dla dobra dzieci i&nbsp;w ich najlepszym interesie.&nbsp;<\/li>\n\n\n\n<li>Ka\u017cde dziecko jest traktowane z&nbsp;szacunkiem, uwzgl\u0119dnia si\u0119 jego godno\u015b\u0107, prawo do prywatno\u015bci, a&nbsp;tak\u017ce indywidualne potrzeby, zdolno\u015bci i&nbsp;sytuacj\u0119 \u017cyciow\u0105.<\/li>\n\n\n\n<li>Indywidualne podej\u015bcie nie mo\u017ce oznacza\u0107 niesprawiedliwego faworyzowania wybranego dziecka.<\/li>\n\n\n\n<li>Pracownicy dbaj\u0105 o&nbsp;tworzenie odpowiednich relacji z&nbsp;dzie\u0107mi, w\u0142a\u015bciwych dla os\u00f3b doros\u0142ych, opartych na szacunku, zaufaniu i&nbsp;respektowaniu odpowiednich granic w&nbsp;komunikacji i&nbsp;kontakcie fizycznym.<\/li>\n\n\n\n<li>Niedopuszczalne jest stosowanie przemocy w&nbsp;jakiejkolwiek formie.<\/li>\n\n\n\n<li>Niedopuszczalne jest nawi\u0105zywanie z&nbsp;dzie\u0107mi i&nbsp;m\u0142odzie\u017c\u0105 jakichkolwiek relacji o&nbsp;charakterze seksualnym czy romantycznym.<\/li>\n\n\n\n<li>Niedopuszczalne jest utrwalanie wizerunku dzieci dla cel\u00f3w prywatnych.<\/li>\n\n\n\n<li>Ka\u017cdy kontakt z&nbsp;dzie\u0107mi jest jawny i&nbsp;wynika z&nbsp;realizacji zada\u0144 i&nbsp;dzia\u0142a\u0144 prowadzonych na rzecz parafii. Pracownicy nie mog\u0105 utrzymywa\u0107 relacji prywatnych z&nbsp;dzie\u0107mi (poza sytuacjami, gdy kontakty poza parafi\u0105 wynikaj\u0105 z&nbsp;innych przyczyn \u2013 np. pracownik jest cz\u0142onkiem rodziny b\u0105d\u017a znajomym rodziny dziecka).<\/li>\n<\/ul>\n\n\n\n<p>W sytuacji, gdy doro\u015bli nie stosuj\u0105 si\u0119 do przyj\u0119tych zasad, \u015bwiadek takiego zachowania mo\u017ce zg\u0142osi\u0107 spraw\u0119 do osoby przyjmuj\u0105cej zg\u0142oszenia, innego pracownika parafii, kt\u00f3rego darzy zaufaniem, lub bezpo\u015brednio do proboszcza.&nbsp;<\/p>\n\n\n\n<p class=\"has-medium-font-size\"><strong>3.&nbsp;Zasady bezpiecznych relacji mi\u0119dzy dzie\u0107mi.<\/strong><\/p>\n\n\n<div class=\"wp-block-image\">\n<figure class=\"aligncenter size-full\"><img loading=\"lazy\" decoding=\"async\" width=\"962\" height=\"670\" src=\"https:\/\/mbniewiadom.pl\/wp-content\/uploads\/2024\/10\/Standardy-Ochrony-Dzieci.jpg\" alt=\"\" class=\"wp-image-4384\" srcset=\"https:\/\/mbniewiadom.pl\/wp-content\/uploads\/2024\/10\/Standardy-Ochrony-Dzieci.jpg 962w, https:\/\/mbniewiadom.pl\/wp-content\/uploads\/2024\/10\/Standardy-Ochrony-Dzieci-250x174.jpg 250w, https:\/\/mbniewiadom.pl\/wp-content\/uploads\/2024\/10\/Standardy-Ochrony-Dzieci-550x383.jpg 550w, https:\/\/mbniewiadom.pl\/wp-content\/uploads\/2024\/10\/Standardy-Ochrony-Dzieci-800x557.jpg 800w, https:\/\/mbniewiadom.pl\/wp-content\/uploads\/2024\/10\/Standardy-Ochrony-Dzieci-258x180.jpg 258w, https:\/\/mbniewiadom.pl\/wp-content\/uploads\/2024\/10\/Standardy-Ochrony-Dzieci-431x300.jpg 431w, https:\/\/mbniewiadom.pl\/wp-content\/uploads\/2024\/10\/Standardy-Ochrony-Dzieci-718x500.jpg 718w\" sizes=\"(max-width: 962px) 100vw, 962px\" \/><\/figure><\/div>\n\n\n<p class=\"has-medium-font-size\"><strong>4.&nbsp;Osoby i&nbsp;miejsca, gdzie mo\u017cna uzyska\u0107 pomoc.<\/strong><\/p>\n\n\n\n<p>W sytuacji gdy:<\/p>\n\n\n\n<ul>\n<li>do\u015bwiadczasz przemocy ze strony osoby doros\u0142ej lub innego dziecka w&nbsp;parafii lub poza ni\u0105,<\/li>\n\n\n\n<li>jeste\u015b \u015bwiadkiem krzywdzenia innej osoby,<\/li>\n\n\n\n<li>dzieje si\u0119 co\u015b niepokoj\u0105cego,<\/li>\n\n\n\n<li>prze\u017cywasz trudne chwile,&nbsp;<\/li>\n\n\n\n<li>nie zostawaj z&nbsp;tym sam\/sama. Mo\u017cesz znale\u017a\u0107 wsparcie. Blisko Ciebie s\u0105 osoby, kt\u00f3re b\u0119d\u0105 umia\u0142y Ci pom\u00f3c.&nbsp;<\/li>\n<\/ul>\n\n\n\n<p>Osoby, do kt\u00f3rych zawsze mo\u017cesz si\u0119 zwr\u00f3ci\u0107 w&nbsp;parafii o&nbsp;pomoc:<\/p>\n\n\n\n<ul>\n<li>osoba przyjmuj\u0105ca zg\u0142oszenia o&nbsp;krzywdzeniu \/ osoba zaufania;&nbsp;<\/li>\n\n\n\n<li>ksi\u0105dz\/siostra zakonna;<\/li>\n\n\n\n<li>animator;<\/li>\n\n\n\n<li>ka\u017cdy pracownik parafii, kt\u00f3rego darzysz zaufaniem.<\/li>\n<\/ul>\n\n\n\n<p>Mo\u017cesz te\u017c szuka\u0107 wsparcia poza parafi\u0105. Warto zna\u0107 telefony zaufania i&nbsp;miejsca, w&nbsp;kt\u00f3rych mo\u017cesz uzyska\u0107 fachow\u0105 pomoc:<\/p>\n\n\n\n<ul>\n<li><strong>800-12-12-12 <\/strong>\u2013 ca\u0142odobowy Dzieci\u0119cy Telefon Zaufania Rzecznika Praw Dziecka;<\/li>\n\n\n\n<li><strong>116-111<\/strong> \u2013 ca\u0142odobowy telefon zaufania dla dzieci i&nbsp;m\u0142odzie\u017cy prowadzony przez Fundacj\u0119 Dajemy Dzieciom Si\u0142\u0119;<\/li>\n\n\n\n<li><strong>112<\/strong> \u2013 numer alarmowy w&nbsp;sytuacji zagro\u017cenia \u017cycia lub zdrowia.&nbsp;<\/li>\n<\/ul>\n","protected":false},"excerpt":{"rendered":"<p>STANDARDY OCHRONY DZIECI W&nbsp;PARAFII WERSJA SKR\u00d3CONA 1.&nbsp;Najwa\u017cniejsze elementy standard\u00f3w ochrony dzieci. 2. Zasady bezpiecznych relacji pracownik\u00f3w parafii z&nbsp;dzie\u0107mi.&nbsp; W standardach ochrony dzieci znajduje si\u0119 szczeg\u00f3\u0142owy kodeks zachowa\u0144, kt\u00f3ry powinien by\u0107 respektowany przez wszystkich pracownik\u00f3w parafii. Poni\u017cej zamieszczamy streszczenie najwa\u017cniejszych zasad obowi\u0105zuj\u0105cych osoby doros\u0142e pracuj\u0105ce w&nbsp;parafii:&nbsp; W sytuacji, gdy doro\u015bli nie stosuj\u0105 si\u0119 do przyj\u0119tych zasad, [&hellip;]<\/p>\n","protected":false},"author":3,"featured_media":0,"parent":0,"menu_order":0,"comment_status":"closed","ping_status":"closed","template":"","meta":{"footnotes":""},"_links":{"self":[{"href":"https:\/\/mbniewiadom.pl\/index.php?rest_route=\/wp\/v2\/pages\/4404"}],"collection":[{"href":"https:\/\/mbniewiadom.pl\/index.php?rest_route=\/wp\/v2\/pages"}],"about":[{"href":"https:\/\/mbniewiadom.pl\/index.php?rest_route=\/wp\/v2\/types\/page"}],"author":[{"embeddable":true,"href":"https:\/\/mbniewiadom.pl\/index.php?rest_route=\/wp\/v2\/users\/3"}],"replies":[{"embeddable":true,"href":"https:\/\/mbniewiadom.pl\/index.php?rest_route=%2Fwp%2Fv2%2Fcomments&post=4404"}],"version-history":[{"count":2,"href":"https:\/\/mbniewiadom.pl\/index.php?rest_route=\/wp\/v2\/pages\/4404\/revisions"}],"predecessor-version":[{"id":4421,"href":"https:\/\/mbniewiadom.pl\/index.php?rest_route=\/wp\/v2\/pages\/4404\/revisions\/4421"}],"wp:attachment":[{"href":"https:\/\/mbniewiadom.pl\/index.php?rest_route=%2Fwp%2Fv2%2Fmedia&parent=4404"}],"curies":[{"name":"wp","href":"https:\/\/api.w.org\/{rel}","templated":true}]}}