{"id":4213,"date":"2024-06-08T13:44:11","date_gmt":"2024-06-08T13:44:11","guid":{"rendered":"https:\/\/mbniewiadom.pl\/?page_id=4213"},"modified":"2024-09-14T15:07:50","modified_gmt":"2024-09-14T15:07:50","slug":"40-lecie-parafii","status":"publish","type":"page","link":"https:\/\/mbniewiadom.pl\/?page_id=4213","title":{"rendered":"40-lecie parafii"},"content":{"rendered":"\n<p><\/p>\n\n\n\n<h2 class=\"wp-block-heading\">Pielgrzymka do Bia\u0142egostoku w dniach 31.08 &#8211; 01.09.2024 r.<\/h2>\n\n\n\n<p>W dniach od 31 sierpnia do 1 wrze\u015bnia odby\u0142a si\u0119 parafialna pielgrzymka do grobu b\u0142. ks. Micha\u0142a Sopo\u0107ki w Bia\u0142ymstoku. Na miejscu, w Sanktuarium Mi\u0142osierdzia Bo\u017cego, zosta\u0142y przekazane dla naszej parafii relikwie spowiednika \u015bw. Siostry Faustyny. W czasie tych dw\u00f3ch dni, opr\u00f3cz Bia\u0142egostoku, pielgrzymi odwiedzili tak\u017ce Niepokalan\u00f3w &#8211; miejsce, kt\u00f3re za\u0142o\u017cy\u0142 \u015bw. Maksymilian Kolbe, sanktuarium Matki Bo\u017cej Bolesnej w \u015awi\u0119tej Wodzie, a tak\u017ce \u015awi\u0119t\u0105 G\u00f3r\u0119 Grabarka &#8211; najwa\u017cniejsze miejsce kultu dla prawos\u0142awnych w Polsce.<\/p>\n\n\n\n<figure class=\"wp-block-gallery has-nested-images columns-default is-cropped wp-block-gallery-1 is-layout-flex wp-block-gallery-is-layout-flex\">\n<figure class=\"wp-block-image size-large\"><img loading=\"lazy\" decoding=\"async\" width=\"1200\" height=\"902\" data-id=\"4352\" src=\"https:\/\/mbniewiadom.pl\/wp-content\/uploads\/2024\/09\/2024091423.jpg\" alt=\"\" class=\"wp-image-4352\" srcset=\"https:\/\/mbniewiadom.pl\/wp-content\/uploads\/2024\/09\/2024091423.jpg 1200w, https:\/\/mbniewiadom.pl\/wp-content\/uploads\/2024\/09\/2024091423-250x188.jpg 250w, https:\/\/mbniewiadom.pl\/wp-content\/uploads\/2024\/09\/2024091423-550x413.jpg 550w, https:\/\/mbniewiadom.pl\/wp-content\/uploads\/2024\/09\/2024091423-800x601.jpg 800w, https:\/\/mbniewiadom.pl\/wp-content\/uploads\/2024\/09\/2024091423-239x180.jpg 239w, https:\/\/mbniewiadom.pl\/wp-content\/uploads\/2024\/09\/2024091423-399x300.jpg 399w, https:\/\/mbniewiadom.pl\/wp-content\/uploads\/2024\/09\/2024091423-665x500.jpg 665w\" sizes=\"(max-width: 1200px) 100vw, 1200px\" \/><\/figure>\n\n\n\n<figure class=\"wp-block-image size-large\"><img loading=\"lazy\" decoding=\"async\" width=\"1200\" height=\"905\" data-id=\"4351\" src=\"https:\/\/mbniewiadom.pl\/wp-content\/uploads\/2024\/09\/2024091422.jpg\" alt=\"\" class=\"wp-image-4351\" srcset=\"https:\/\/mbniewiadom.pl\/wp-content\/uploads\/2024\/09\/2024091422.jpg 1200w, https:\/\/mbniewiadom.pl\/wp-content\/uploads\/2024\/09\/2024091422-250x189.jpg 250w, https:\/\/mbniewiadom.pl\/wp-content\/uploads\/2024\/09\/2024091422-550x415.jpg 550w, https:\/\/mbniewiadom.pl\/wp-content\/uploads\/2024\/09\/2024091422-800x603.jpg 800w, https:\/\/mbniewiadom.pl\/wp-content\/uploads\/2024\/09\/2024091422-239x180.jpg 239w, https:\/\/mbniewiadom.pl\/wp-content\/uploads\/2024\/09\/2024091422-398x300.jpg 398w, https:\/\/mbniewiadom.pl\/wp-content\/uploads\/2024\/09\/2024091422-663x500.jpg 663w\" sizes=\"(max-width: 1200px) 100vw, 1200px\" \/><\/figure>\n\n\n\n<figure class=\"wp-block-image size-large\"><img loading=\"lazy\" decoding=\"async\" width=\"1200\" height=\"905\" data-id=\"4350\" src=\"https:\/\/mbniewiadom.pl\/wp-content\/uploads\/2024\/09\/2024091421.jpg\" alt=\"\" class=\"wp-image-4350\" srcset=\"https:\/\/mbniewiadom.pl\/wp-content\/uploads\/2024\/09\/2024091421.jpg 1200w, https:\/\/mbniewiadom.pl\/wp-content\/uploads\/2024\/09\/2024091421-250x189.jpg 250w, https:\/\/mbniewiadom.pl\/wp-content\/uploads\/2024\/09\/2024091421-550x415.jpg 550w, https:\/\/mbniewiadom.pl\/wp-content\/uploads\/2024\/09\/2024091421-800x603.jpg 800w, https:\/\/mbniewiadom.pl\/wp-content\/uploads\/2024\/09\/2024091421-239x180.jpg 239w, https:\/\/mbniewiadom.pl\/wp-content\/uploads\/2024\/09\/2024091421-398x300.jpg 398w, https:\/\/mbniewiadom.pl\/wp-content\/uploads\/2024\/09\/2024091421-663x500.jpg 663w\" sizes=\"(max-width: 1200px) 100vw, 1200px\" \/><\/figure>\n\n\n\n<figure class=\"wp-block-image size-large\"><img loading=\"lazy\" decoding=\"async\" width=\"1200\" height=\"902\" data-id=\"4349\" src=\"https:\/\/mbniewiadom.pl\/wp-content\/uploads\/2024\/09\/2024091420.jpg\" alt=\"\" class=\"wp-image-4349\" srcset=\"https:\/\/mbniewiadom.pl\/wp-content\/uploads\/2024\/09\/2024091420.jpg 1200w, https:\/\/mbniewiadom.pl\/wp-content\/uploads\/2024\/09\/2024091420-250x188.jpg 250w, https:\/\/mbniewiadom.pl\/wp-content\/uploads\/2024\/09\/2024091420-550x413.jpg 550w, https:\/\/mbniewiadom.pl\/wp-content\/uploads\/2024\/09\/2024091420-800x601.jpg 800w, https:\/\/mbniewiadom.pl\/wp-content\/uploads\/2024\/09\/2024091420-239x180.jpg 239w, https:\/\/mbniewiadom.pl\/wp-content\/uploads\/2024\/09\/2024091420-399x300.jpg 399w, https:\/\/mbniewiadom.pl\/wp-content\/uploads\/2024\/09\/2024091420-665x500.jpg 665w\" sizes=\"(max-width: 1200px) 100vw, 1200px\" \/><\/figure>\n\n\n\n<figure class=\"wp-block-image size-large\"><img loading=\"lazy\" decoding=\"async\" width=\"1200\" height=\"902\" data-id=\"4348\" src=\"https:\/\/mbniewiadom.pl\/wp-content\/uploads\/2024\/09\/2024091419.jpg\" alt=\"\" class=\"wp-image-4348\" srcset=\"https:\/\/mbniewiadom.pl\/wp-content\/uploads\/2024\/09\/2024091419.jpg 1200w, https:\/\/mbniewiadom.pl\/wp-content\/uploads\/2024\/09\/2024091419-250x188.jpg 250w, https:\/\/mbniewiadom.pl\/wp-content\/uploads\/2024\/09\/2024091419-550x413.jpg 550w, https:\/\/mbniewiadom.pl\/wp-content\/uploads\/2024\/09\/2024091419-800x601.jpg 800w, https:\/\/mbniewiadom.pl\/wp-content\/uploads\/2024\/09\/2024091419-239x180.jpg 239w, https:\/\/mbniewiadom.pl\/wp-content\/uploads\/2024\/09\/2024091419-399x300.jpg 399w, https:\/\/mbniewiadom.pl\/wp-content\/uploads\/2024\/09\/2024091419-665x500.jpg 665w\" sizes=\"(max-width: 1200px) 100vw, 1200px\" \/><\/figure>\n\n\n\n<figure class=\"wp-block-image size-large\"><img loading=\"lazy\" decoding=\"async\" width=\"898\" height=\"1200\" data-id=\"4347\" src=\"https:\/\/mbniewiadom.pl\/wp-content\/uploads\/2024\/09\/2024091418.jpg\" alt=\"\" class=\"wp-image-4347\" srcset=\"https:\/\/mbniewiadom.pl\/wp-content\/uploads\/2024\/09\/2024091418.jpg 898w, https:\/\/mbniewiadom.pl\/wp-content\/uploads\/2024\/09\/2024091418-250x334.jpg 250w, https:\/\/mbniewiadom.pl\/wp-content\/uploads\/2024\/09\/2024091418-550x735.jpg 550w, https:\/\/mbniewiadom.pl\/wp-content\/uploads\/2024\/09\/2024091418-800x1069.jpg 800w, https:\/\/mbniewiadom.pl\/wp-content\/uploads\/2024\/09\/2024091418-135x180.jpg 135w, https:\/\/mbniewiadom.pl\/wp-content\/uploads\/2024\/09\/2024091418-225x300.jpg 225w, https:\/\/mbniewiadom.pl\/wp-content\/uploads\/2024\/09\/2024091418-374x500.jpg 374w\" sizes=\"(max-width: 898px) 100vw, 898px\" \/><\/figure>\n\n\n\n<figure class=\"wp-block-image size-large\"><img loading=\"lazy\" decoding=\"async\" width=\"1200\" height=\"899\" data-id=\"4346\" src=\"https:\/\/mbniewiadom.pl\/wp-content\/uploads\/2024\/09\/2024091417.jpg\" alt=\"\" class=\"wp-image-4346\" srcset=\"https:\/\/mbniewiadom.pl\/wp-content\/uploads\/2024\/09\/2024091417.jpg 1200w, https:\/\/mbniewiadom.pl\/wp-content\/uploads\/2024\/09\/2024091417-250x187.jpg 250w, https:\/\/mbniewiadom.pl\/wp-content\/uploads\/2024\/09\/2024091417-550x412.jpg 550w, https:\/\/mbniewiadom.pl\/wp-content\/uploads\/2024\/09\/2024091417-800x599.jpg 800w, https:\/\/mbniewiadom.pl\/wp-content\/uploads\/2024\/09\/2024091417-240x180.jpg 240w, https:\/\/mbniewiadom.pl\/wp-content\/uploads\/2024\/09\/2024091417-400x300.jpg 400w, https:\/\/mbniewiadom.pl\/wp-content\/uploads\/2024\/09\/2024091417-667x500.jpg 667w\" sizes=\"(max-width: 1200px) 100vw, 1200px\" \/><\/figure>\n\n\n\n<figure class=\"wp-block-image size-large\"><img loading=\"lazy\" decoding=\"async\" width=\"1200\" height=\"902\" data-id=\"4345\" src=\"https:\/\/mbniewiadom.pl\/wp-content\/uploads\/2024\/09\/2024091416.jpg\" alt=\"\" class=\"wp-image-4345\" srcset=\"https:\/\/mbniewiadom.pl\/wp-content\/uploads\/2024\/09\/2024091416.jpg 1200w, https:\/\/mbniewiadom.pl\/wp-content\/uploads\/2024\/09\/2024091416-250x188.jpg 250w, https:\/\/mbniewiadom.pl\/wp-content\/uploads\/2024\/09\/2024091416-550x413.jpg 550w, https:\/\/mbniewiadom.pl\/wp-content\/uploads\/2024\/09\/2024091416-800x601.jpg 800w, https:\/\/mbniewiadom.pl\/wp-content\/uploads\/2024\/09\/2024091416-239x180.jpg 239w, https:\/\/mbniewiadom.pl\/wp-content\/uploads\/2024\/09\/2024091416-399x300.jpg 399w, https:\/\/mbniewiadom.pl\/wp-content\/uploads\/2024\/09\/2024091416-665x500.jpg 665w\" sizes=\"(max-width: 1200px) 100vw, 1200px\" \/><\/figure>\n\n\n\n<figure class=\"wp-block-image size-large\"><img loading=\"lazy\" decoding=\"async\" width=\"1200\" height=\"905\" data-id=\"4344\" src=\"https:\/\/mbniewiadom.pl\/wp-content\/uploads\/2024\/09\/2024091415.jpg\" alt=\"\" class=\"wp-image-4344\" srcset=\"https:\/\/mbniewiadom.pl\/wp-content\/uploads\/2024\/09\/2024091415.jpg 1200w, https:\/\/mbniewiadom.pl\/wp-content\/uploads\/2024\/09\/2024091415-250x189.jpg 250w, https:\/\/mbniewiadom.pl\/wp-content\/uploads\/2024\/09\/2024091415-550x415.jpg 550w, https:\/\/mbniewiadom.pl\/wp-content\/uploads\/2024\/09\/2024091415-800x603.jpg 800w, https:\/\/mbniewiadom.pl\/wp-content\/uploads\/2024\/09\/2024091415-239x180.jpg 239w, https:\/\/mbniewiadom.pl\/wp-content\/uploads\/2024\/09\/2024091415-398x300.jpg 398w, https:\/\/mbniewiadom.pl\/wp-content\/uploads\/2024\/09\/2024091415-663x500.jpg 663w\" sizes=\"(max-width: 1200px) 100vw, 1200px\" \/><\/figure>\n\n\n\n<figure class=\"wp-block-image size-large\"><img loading=\"lazy\" decoding=\"async\" width=\"1200\" height=\"900\" data-id=\"4335\" src=\"https:\/\/mbniewiadom.pl\/wp-content\/uploads\/2024\/09\/2024091406.jpg\" alt=\"\" class=\"wp-image-4335\" srcset=\"https:\/\/mbniewiadom.pl\/wp-content\/uploads\/2024\/09\/2024091406.jpg 1200w, https:\/\/mbniewiadom.pl\/wp-content\/uploads\/2024\/09\/2024091406-250x188.jpg 250w, https:\/\/mbniewiadom.pl\/wp-content\/uploads\/2024\/09\/2024091406-550x413.jpg 550w, https:\/\/mbniewiadom.pl\/wp-content\/uploads\/2024\/09\/2024091406-800x600.jpg 800w, https:\/\/mbniewiadom.pl\/wp-content\/uploads\/2024\/09\/2024091406-240x180.jpg 240w, https:\/\/mbniewiadom.pl\/wp-content\/uploads\/2024\/09\/2024091406-400x300.jpg 400w, https:\/\/mbniewiadom.pl\/wp-content\/uploads\/2024\/09\/2024091406-667x500.jpg 667w\" sizes=\"(max-width: 1200px) 100vw, 1200px\" \/><\/figure>\n\n\n\n<figure class=\"wp-block-image size-large\"><img loading=\"lazy\" decoding=\"async\" width=\"1200\" height=\"902\" data-id=\"4336\" src=\"https:\/\/mbniewiadom.pl\/wp-content\/uploads\/2024\/09\/2024091407.jpg\" alt=\"\" class=\"wp-image-4336\" srcset=\"https:\/\/mbniewiadom.pl\/wp-content\/uploads\/2024\/09\/2024091407.jpg 1200w, https:\/\/mbniewiadom.pl\/wp-content\/uploads\/2024\/09\/2024091407-250x188.jpg 250w, https:\/\/mbniewiadom.pl\/wp-content\/uploads\/2024\/09\/2024091407-550x413.jpg 550w, https:\/\/mbniewiadom.pl\/wp-content\/uploads\/2024\/09\/2024091407-800x601.jpg 800w, https:\/\/mbniewiadom.pl\/wp-content\/uploads\/2024\/09\/2024091407-239x180.jpg 239w, https:\/\/mbniewiadom.pl\/wp-content\/uploads\/2024\/09\/2024091407-399x300.jpg 399w, https:\/\/mbniewiadom.pl\/wp-content\/uploads\/2024\/09\/2024091407-665x500.jpg 665w\" sizes=\"(max-width: 1200px) 100vw, 1200px\" \/><\/figure>\n\n\n\n<figure class=\"wp-block-image size-large\"><img loading=\"lazy\" decoding=\"async\" width=\"1200\" height=\"901\" data-id=\"4337\" src=\"https:\/\/mbniewiadom.pl\/wp-content\/uploads\/2024\/09\/2024091408.jpg\" alt=\"\" class=\"wp-image-4337\" srcset=\"https:\/\/mbniewiadom.pl\/wp-content\/uploads\/2024\/09\/2024091408.jpg 1200w, https:\/\/mbniewiadom.pl\/wp-content\/uploads\/2024\/09\/2024091408-250x188.jpg 250w, https:\/\/mbniewiadom.pl\/wp-content\/uploads\/2024\/09\/2024091408-550x413.jpg 550w, https:\/\/mbniewiadom.pl\/wp-content\/uploads\/2024\/09\/2024091408-800x601.jpg 800w, https:\/\/mbniewiadom.pl\/wp-content\/uploads\/2024\/09\/2024091408-240x180.jpg 240w, https:\/\/mbniewiadom.pl\/wp-content\/uploads\/2024\/09\/2024091408-400x300.jpg 400w, https:\/\/mbniewiadom.pl\/wp-content\/uploads\/2024\/09\/2024091408-666x500.jpg 666w\" sizes=\"(max-width: 1200px) 100vw, 1200px\" \/><\/figure>\n\n\n\n<figure class=\"wp-block-image size-large\"><img loading=\"lazy\" decoding=\"async\" width=\"1200\" height=\"902\" data-id=\"4338\" src=\"https:\/\/mbniewiadom.pl\/wp-content\/uploads\/2024\/09\/2024091409.jpg\" alt=\"\" class=\"wp-image-4338\" srcset=\"https:\/\/mbniewiadom.pl\/wp-content\/uploads\/2024\/09\/2024091409.jpg 1200w, https:\/\/mbniewiadom.pl\/wp-content\/uploads\/2024\/09\/2024091409-250x188.jpg 250w, https:\/\/mbniewiadom.pl\/wp-content\/uploads\/2024\/09\/2024091409-550x413.jpg 550w, https:\/\/mbniewiadom.pl\/wp-content\/uploads\/2024\/09\/2024091409-800x601.jpg 800w, https:\/\/mbniewiadom.pl\/wp-content\/uploads\/2024\/09\/2024091409-239x180.jpg 239w, https:\/\/mbniewiadom.pl\/wp-content\/uploads\/2024\/09\/2024091409-399x300.jpg 399w, https:\/\/mbniewiadom.pl\/wp-content\/uploads\/2024\/09\/2024091409-665x500.jpg 665w\" sizes=\"(max-width: 1200px) 100vw, 1200px\" \/><\/figure>\n\n\n\n<figure class=\"wp-block-image size-large\"><img loading=\"lazy\" decoding=\"async\" width=\"1200\" height=\"899\" data-id=\"4339\" src=\"https:\/\/mbniewiadom.pl\/wp-content\/uploads\/2024\/09\/2024091410.jpg\" alt=\"\" class=\"wp-image-4339\" srcset=\"https:\/\/mbniewiadom.pl\/wp-content\/uploads\/2024\/09\/2024091410.jpg 1200w, https:\/\/mbniewiadom.pl\/wp-content\/uploads\/2024\/09\/2024091410-250x187.jpg 250w, https:\/\/mbniewiadom.pl\/wp-content\/uploads\/2024\/09\/2024091410-550x412.jpg 550w, https:\/\/mbniewiadom.pl\/wp-content\/uploads\/2024\/09\/2024091410-800x599.jpg 800w, https:\/\/mbniewiadom.pl\/wp-content\/uploads\/2024\/09\/2024091410-240x180.jpg 240w, https:\/\/mbniewiadom.pl\/wp-content\/uploads\/2024\/09\/2024091410-400x300.jpg 400w, https:\/\/mbniewiadom.pl\/wp-content\/uploads\/2024\/09\/2024091410-667x500.jpg 667w\" sizes=\"(max-width: 1200px) 100vw, 1200px\" \/><\/figure>\n\n\n\n<figure class=\"wp-block-image size-large\"><img loading=\"lazy\" decoding=\"async\" width=\"1200\" height=\"902\" data-id=\"4340\" src=\"https:\/\/mbniewiadom.pl\/wp-content\/uploads\/2024\/09\/2024091411.jpg\" alt=\"\" class=\"wp-image-4340\" srcset=\"https:\/\/mbniewiadom.pl\/wp-content\/uploads\/2024\/09\/2024091411.jpg 1200w, https:\/\/mbniewiadom.pl\/wp-content\/uploads\/2024\/09\/2024091411-250x188.jpg 250w, https:\/\/mbniewiadom.pl\/wp-content\/uploads\/2024\/09\/2024091411-550x413.jpg 550w, https:\/\/mbniewiadom.pl\/wp-content\/uploads\/2024\/09\/2024091411-800x601.jpg 800w, https:\/\/mbniewiadom.pl\/wp-content\/uploads\/2024\/09\/2024091411-239x180.jpg 239w, https:\/\/mbniewiadom.pl\/wp-content\/uploads\/2024\/09\/2024091411-399x300.jpg 399w, https:\/\/mbniewiadom.pl\/wp-content\/uploads\/2024\/09\/2024091411-665x500.jpg 665w\" sizes=\"(max-width: 1200px) 100vw, 1200px\" \/><\/figure>\n\n\n\n<figure class=\"wp-block-image size-large\"><img loading=\"lazy\" decoding=\"async\" width=\"1200\" height=\"905\" data-id=\"4341\" src=\"https:\/\/mbniewiadom.pl\/wp-content\/uploads\/2024\/09\/2024091412.jpg\" alt=\"\" class=\"wp-image-4341\" srcset=\"https:\/\/mbniewiadom.pl\/wp-content\/uploads\/2024\/09\/2024091412.jpg 1200w, https:\/\/mbniewiadom.pl\/wp-content\/uploads\/2024\/09\/2024091412-250x189.jpg 250w, https:\/\/mbniewiadom.pl\/wp-content\/uploads\/2024\/09\/2024091412-550x415.jpg 550w, https:\/\/mbniewiadom.pl\/wp-content\/uploads\/2024\/09\/2024091412-800x603.jpg 800w, https:\/\/mbniewiadom.pl\/wp-content\/uploads\/2024\/09\/2024091412-239x180.jpg 239w, https:\/\/mbniewiadom.pl\/wp-content\/uploads\/2024\/09\/2024091412-398x300.jpg 398w, https:\/\/mbniewiadom.pl\/wp-content\/uploads\/2024\/09\/2024091412-663x500.jpg 663w\" sizes=\"(max-width: 1200px) 100vw, 1200px\" \/><\/figure>\n\n\n\n<figure class=\"wp-block-image size-large\"><img loading=\"lazy\" decoding=\"async\" width=\"1200\" height=\"899\" data-id=\"4342\" src=\"https:\/\/mbniewiadom.pl\/wp-content\/uploads\/2024\/09\/2024091413.jpg\" alt=\"\" class=\"wp-image-4342\" srcset=\"https:\/\/mbniewiadom.pl\/wp-content\/uploads\/2024\/09\/2024091413.jpg 1200w, https:\/\/mbniewiadom.pl\/wp-content\/uploads\/2024\/09\/2024091413-250x187.jpg 250w, https:\/\/mbniewiadom.pl\/wp-content\/uploads\/2024\/09\/2024091413-550x412.jpg 550w, https:\/\/mbniewiadom.pl\/wp-content\/uploads\/2024\/09\/2024091413-800x599.jpg 800w, https:\/\/mbniewiadom.pl\/wp-content\/uploads\/2024\/09\/2024091413-240x180.jpg 240w, https:\/\/mbniewiadom.pl\/wp-content\/uploads\/2024\/09\/2024091413-400x300.jpg 400w, https:\/\/mbniewiadom.pl\/wp-content\/uploads\/2024\/09\/2024091413-667x500.jpg 667w\" sizes=\"(max-width: 1200px) 100vw, 1200px\" \/><\/figure>\n\n\n\n<figure class=\"wp-block-image size-large\"><img loading=\"lazy\" decoding=\"async\" width=\"1200\" height=\"902\" data-id=\"4343\" src=\"https:\/\/mbniewiadom.pl\/wp-content\/uploads\/2024\/09\/2024091414.jpg\" alt=\"\" class=\"wp-image-4343\" srcset=\"https:\/\/mbniewiadom.pl\/wp-content\/uploads\/2024\/09\/2024091414.jpg 1200w, https:\/\/mbniewiadom.pl\/wp-content\/uploads\/2024\/09\/2024091414-250x188.jpg 250w, https:\/\/mbniewiadom.pl\/wp-content\/uploads\/2024\/09\/2024091414-550x413.jpg 550w, https:\/\/mbniewiadom.pl\/wp-content\/uploads\/2024\/09\/2024091414-800x601.jpg 800w, https:\/\/mbniewiadom.pl\/wp-content\/uploads\/2024\/09\/2024091414-239x180.jpg 239w, https:\/\/mbniewiadom.pl\/wp-content\/uploads\/2024\/09\/2024091414-399x300.jpg 399w, https:\/\/mbniewiadom.pl\/wp-content\/uploads\/2024\/09\/2024091414-665x500.jpg 665w\" sizes=\"(max-width: 1200px) 100vw, 1200px\" \/><\/figure>\n\n\n\n<figure class=\"wp-block-image size-large\"><img loading=\"lazy\" decoding=\"async\" width=\"1200\" height=\"902\" data-id=\"4334\" src=\"https:\/\/mbniewiadom.pl\/wp-content\/uploads\/2024\/09\/2024091405.jpg\" alt=\"\" class=\"wp-image-4334\" srcset=\"https:\/\/mbniewiadom.pl\/wp-content\/uploads\/2024\/09\/2024091405.jpg 1200w, https:\/\/mbniewiadom.pl\/wp-content\/uploads\/2024\/09\/2024091405-250x188.jpg 250w, https:\/\/mbniewiadom.pl\/wp-content\/uploads\/2024\/09\/2024091405-550x413.jpg 550w, https:\/\/mbniewiadom.pl\/wp-content\/uploads\/2024\/09\/2024091405-800x601.jpg 800w, https:\/\/mbniewiadom.pl\/wp-content\/uploads\/2024\/09\/2024091405-239x180.jpg 239w, https:\/\/mbniewiadom.pl\/wp-content\/uploads\/2024\/09\/2024091405-399x300.jpg 399w, https:\/\/mbniewiadom.pl\/wp-content\/uploads\/2024\/09\/2024091405-665x500.jpg 665w\" sizes=\"(max-width: 1200px) 100vw, 1200px\" \/><\/figure>\n\n\n\n<figure class=\"wp-block-image size-large\"><img loading=\"lazy\" decoding=\"async\" width=\"1200\" height=\"902\" data-id=\"4333\" src=\"https:\/\/mbniewiadom.pl\/wp-content\/uploads\/2024\/09\/2024091404.jpg\" alt=\"\" class=\"wp-image-4333\" srcset=\"https:\/\/mbniewiadom.pl\/wp-content\/uploads\/2024\/09\/2024091404.jpg 1200w, https:\/\/mbniewiadom.pl\/wp-content\/uploads\/2024\/09\/2024091404-250x188.jpg 250w, https:\/\/mbniewiadom.pl\/wp-content\/uploads\/2024\/09\/2024091404-550x413.jpg 550w, https:\/\/mbniewiadom.pl\/wp-content\/uploads\/2024\/09\/2024091404-800x601.jpg 800w, https:\/\/mbniewiadom.pl\/wp-content\/uploads\/2024\/09\/2024091404-239x180.jpg 239w, https:\/\/mbniewiadom.pl\/wp-content\/uploads\/2024\/09\/2024091404-399x300.jpg 399w, https:\/\/mbniewiadom.pl\/wp-content\/uploads\/2024\/09\/2024091404-665x500.jpg 665w\" sizes=\"(max-width: 1200px) 100vw, 1200px\" \/><\/figure>\n\n\n\n<figure class=\"wp-block-image size-large\"><img loading=\"lazy\" decoding=\"async\" width=\"1200\" height=\"902\" data-id=\"4332\" src=\"https:\/\/mbniewiadom.pl\/wp-content\/uploads\/2024\/09\/2024091403.jpg\" alt=\"\" class=\"wp-image-4332\" srcset=\"https:\/\/mbniewiadom.pl\/wp-content\/uploads\/2024\/09\/2024091403.jpg 1200w, https:\/\/mbniewiadom.pl\/wp-content\/uploads\/2024\/09\/2024091403-250x188.jpg 250w, https:\/\/mbniewiadom.pl\/wp-content\/uploads\/2024\/09\/2024091403-550x413.jpg 550w, https:\/\/mbniewiadom.pl\/wp-content\/uploads\/2024\/09\/2024091403-800x601.jpg 800w, https:\/\/mbniewiadom.pl\/wp-content\/uploads\/2024\/09\/2024091403-239x180.jpg 239w, https:\/\/mbniewiadom.pl\/wp-content\/uploads\/2024\/09\/2024091403-399x300.jpg 399w, https:\/\/mbniewiadom.pl\/wp-content\/uploads\/2024\/09\/2024091403-665x500.jpg 665w\" sizes=\"(max-width: 1200px) 100vw, 1200px\" \/><\/figure>\n\n\n\n<figure class=\"wp-block-image size-large\"><img loading=\"lazy\" decoding=\"async\" width=\"1200\" height=\"902\" data-id=\"4331\" src=\"https:\/\/mbniewiadom.pl\/wp-content\/uploads\/2024\/09\/2024091402.jpg\" alt=\"\" class=\"wp-image-4331\" srcset=\"https:\/\/mbniewiadom.pl\/wp-content\/uploads\/2024\/09\/2024091402.jpg 1200w, https:\/\/mbniewiadom.pl\/wp-content\/uploads\/2024\/09\/2024091402-250x188.jpg 250w, https:\/\/mbniewiadom.pl\/wp-content\/uploads\/2024\/09\/2024091402-550x413.jpg 550w, https:\/\/mbniewiadom.pl\/wp-content\/uploads\/2024\/09\/2024091402-800x601.jpg 800w, https:\/\/mbniewiadom.pl\/wp-content\/uploads\/2024\/09\/2024091402-239x180.jpg 239w, https:\/\/mbniewiadom.pl\/wp-content\/uploads\/2024\/09\/2024091402-399x300.jpg 399w, https:\/\/mbniewiadom.pl\/wp-content\/uploads\/2024\/09\/2024091402-665x500.jpg 665w\" sizes=\"(max-width: 1200px) 100vw, 1200px\" \/><\/figure>\n\n\n\n<figure class=\"wp-block-image size-large\"><img loading=\"lazy\" decoding=\"async\" width=\"1200\" height=\"900\" data-id=\"4330\" src=\"https:\/\/mbniewiadom.pl\/wp-content\/uploads\/2024\/09\/2024091401.jpg\" alt=\"\" class=\"wp-image-4330\" srcset=\"https:\/\/mbniewiadom.pl\/wp-content\/uploads\/2024\/09\/2024091401.jpg 1200w, https:\/\/mbniewiadom.pl\/wp-content\/uploads\/2024\/09\/2024091401-250x188.jpg 250w, https:\/\/mbniewiadom.pl\/wp-content\/uploads\/2024\/09\/2024091401-550x413.jpg 550w, https:\/\/mbniewiadom.pl\/wp-content\/uploads\/2024\/09\/2024091401-800x600.jpg 800w, https:\/\/mbniewiadom.pl\/wp-content\/uploads\/2024\/09\/2024091401-240x180.jpg 240w, https:\/\/mbniewiadom.pl\/wp-content\/uploads\/2024\/09\/2024091401-400x300.jpg 400w, https:\/\/mbniewiadom.pl\/wp-content\/uploads\/2024\/09\/2024091401-667x500.jpg 667w\" sizes=\"(max-width: 1200px) 100vw, 1200px\" \/><\/figure>\n<\/figure>\n\n\n\n<h2 class=\"wp-block-heading\">Program Obchod\u00f3w 40-lecia parafii Mi\u0142osierdzia Bo\u017cego w Niewiadomiu.<\/h2>\n\n\n<div class=\"wp-block-image\">\n<figure class=\"aligncenter size-full\"><img decoding=\"async\" src=\"https:\/\/mbniewiadom.pl\/wp-content\/uploads\/2024\/08\/obch_plat_2024.jpg\" alt=\"\" class=\"wp-image-4284\"\/><\/figure><\/div>\n\n\n<h2 class=\"wp-block-heading\">Poznaj Parafi\u0119 i Jej Patron\u00f3w.<\/h2>\n\n\n\n<figure class=\"wp-block-image size-full\"><img loading=\"lazy\" decoding=\"async\" width=\"1200\" height=\"848\" src=\"https:\/\/mbniewiadom.pl\/wp-content\/uploads\/2024\/08\/zag_1.jpg\" alt=\"\" class=\"wp-image-4286\" srcset=\"https:\/\/mbniewiadom.pl\/wp-content\/uploads\/2024\/08\/zag_1.jpg 1200w, https:\/\/mbniewiadom.pl\/wp-content\/uploads\/2024\/08\/zag_1-250x177.jpg 250w, https:\/\/mbniewiadom.pl\/wp-content\/uploads\/2024\/08\/zag_1-550x389.jpg 550w, https:\/\/mbniewiadom.pl\/wp-content\/uploads\/2024\/08\/zag_1-800x565.jpg 800w, https:\/\/mbniewiadom.pl\/wp-content\/uploads\/2024\/08\/zag_1-255x180.jpg 255w, https:\/\/mbniewiadom.pl\/wp-content\/uploads\/2024\/08\/zag_1-425x300.jpg 425w, https:\/\/mbniewiadom.pl\/wp-content\/uploads\/2024\/08\/zag_1-708x500.jpg 708w\" sizes=\"(max-width: 1200px) 100vw, 1200px\" \/><\/figure>\n\n\n\n<figure class=\"wp-block-image size-full\"><img loading=\"lazy\" decoding=\"async\" width=\"1200\" height=\"848\" src=\"https:\/\/mbniewiadom.pl\/wp-content\/uploads\/2024\/08\/zag_2.jpg\" alt=\"\" class=\"wp-image-4287\" srcset=\"https:\/\/mbniewiadom.pl\/wp-content\/uploads\/2024\/08\/zag_2.jpg 1200w, https:\/\/mbniewiadom.pl\/wp-content\/uploads\/2024\/08\/zag_2-250x177.jpg 250w, https:\/\/mbniewiadom.pl\/wp-content\/uploads\/2024\/08\/zag_2-550x389.jpg 550w, https:\/\/mbniewiadom.pl\/wp-content\/uploads\/2024\/08\/zag_2-800x565.jpg 800w, https:\/\/mbniewiadom.pl\/wp-content\/uploads\/2024\/08\/zag_2-255x180.jpg 255w, https:\/\/mbniewiadom.pl\/wp-content\/uploads\/2024\/08\/zag_2-425x300.jpg 425w, https:\/\/mbniewiadom.pl\/wp-content\/uploads\/2024\/08\/zag_2-708x500.jpg 708w\" sizes=\"(max-width: 1200px) 100vw, 1200px\" \/><\/figure>\n\n\n\n<figure class=\"wp-block-image size-full\"><img loading=\"lazy\" decoding=\"async\" width=\"1200\" height=\"848\" src=\"https:\/\/mbniewiadom.pl\/wp-content\/uploads\/2024\/08\/zag_3.jpg\" alt=\"\" class=\"wp-image-4285\" srcset=\"https:\/\/mbniewiadom.pl\/wp-content\/uploads\/2024\/08\/zag_3.jpg 1200w, https:\/\/mbniewiadom.pl\/wp-content\/uploads\/2024\/08\/zag_3-250x177.jpg 250w, https:\/\/mbniewiadom.pl\/wp-content\/uploads\/2024\/08\/zag_3-550x389.jpg 550w, https:\/\/mbniewiadom.pl\/wp-content\/uploads\/2024\/08\/zag_3-800x565.jpg 800w, https:\/\/mbniewiadom.pl\/wp-content\/uploads\/2024\/08\/zag_3-255x180.jpg 255w, https:\/\/mbniewiadom.pl\/wp-content\/uploads\/2024\/08\/zag_3-425x300.jpg 425w, https:\/\/mbniewiadom.pl\/wp-content\/uploads\/2024\/08\/zag_3-708x500.jpg 708w\" sizes=\"(max-width: 1200px) 100vw, 1200px\" \/><\/figure>\n","protected":false},"excerpt":{"rendered":"<p>Pielgrzymka do Bia\u0142egostoku w dniach 31.08 &#8211; 01.09.2024 r. W dniach od 31 sierpnia do 1 wrze\u015bnia odby\u0142a si\u0119 parafialna pielgrzymka do grobu b\u0142. ks. Micha\u0142a Sopo\u0107ki w Bia\u0142ymstoku. Na miejscu, w Sanktuarium Mi\u0142osierdzia Bo\u017cego, zosta\u0142y przekazane dla naszej parafii relikwie spowiednika \u015bw. Siostry Faustyny. W czasie tych dw\u00f3ch dni, opr\u00f3cz Bia\u0142egostoku, pielgrzymi odwiedzili tak\u017ce [&hellip;]<\/p>\n","protected":false},"author":1,"featured_media":0,"parent":0,"menu_order":0,"comment_status":"closed","ping_status":"closed","template":"","meta":{"footnotes":""},"_links":{"self":[{"href":"https:\/\/mbniewiadom.pl\/index.php?rest_route=\/wp\/v2\/pages\/4213"}],"collection":[{"href":"https:\/\/mbniewiadom.pl\/index.php?rest_route=\/wp\/v2\/pages"}],"about":[{"href":"https:\/\/mbniewiadom.pl\/index.php?rest_route=\/wp\/v2\/types\/page"}],"author":[{"embeddable":true,"href":"https:\/\/mbniewiadom.pl\/index.php?rest_route=\/wp\/v2\/users\/1"}],"replies":[{"embeddable":true,"href":"https:\/\/mbniewiadom.pl\/index.php?rest_route=%2Fwp%2Fv2%2Fcomments&post=4213"}],"version-history":[{"count":7,"href":"https:\/\/mbniewiadom.pl\/index.php?rest_route=\/wp\/v2\/pages\/4213\/revisions"}],"predecessor-version":[{"id":4355,"href":"https:\/\/mbniewiadom.pl\/index.php?rest_route=\/wp\/v2\/pages\/4213\/revisions\/4355"}],"wp:attachment":[{"href":"https:\/\/mbniewiadom.pl\/index.php?rest_route=%2Fwp%2Fv2%2Fmedia&parent=4213"}],"curies":[{"name":"wp","href":"https:\/\/api.w.org\/{rel}","templated":true}]}}